{"id":641,"date":"2025-10-07T08:42:52","date_gmt":"2025-10-07T08:42:52","guid":{"rendered":"https:\/\/www.atakito.com\/?post_type=product&#038;p=641"},"modified":"2025-11-11T16:32:24","modified_gmt":"2025-11-11T16:32:24","slug":"bolsa-bar-patatas-lisas-900g","status":"publish","type":"product","link":"https:\/\/www.atakito.com\/index.php\/producto\/bolsa-bar-patatas-lisas-900g\/","title":{"rendered":"Bolsa BAR Patatas Lisas 900g"},"content":{"rendered":"<p class=\"\" data-start=\"18\" data-end=\"143\">\ud83e\udd54\u00a0<strong data-start=\"21\" data-end=\"51\">LOS ROSALES Patatas Fritas<\/strong> \u2013<strong data-start=\"62\" data-end=\"82\"> Bolsa de Patatas Lisas 900g<\/strong>\u00a0|\u00a0<strong data-start=\"85\" data-end=\"99\">Sin Gluten<\/strong>\u00a0|\u00a0<strong data-start=\"102\" data-end=\"117\">Sin Lactosa<\/strong>\u00a0|\u00a0<strong data-start=\"120\" data-end=\"143\">Snacks y Aperitivos<\/strong><\/p>\n<p class=\"\" style=\"text-align: left;\" data-start=\"145\" data-end=\"482\">Las\u00a0<strong data-start=\"149\" data-end=\"179\">Patatas Fritas Los Rosales<\/strong>\u00a0son el aperitivo perfecto para cualquier momento del d\u00eda. Elaboradas con ingredientes de alta calidad, estas patatas crujientes se caracterizan por su sabor aut\u00e9ntico y su textura irresistible. Adem\u00e1s, est\u00e1n\u00a0<strong data-start=\"388\" data-end=\"402\">sin gluten<\/strong>\u00a0y\u00a0<strong data-start=\"405\" data-end=\"420\">sin lactosa<\/strong>, siendo ideales para personas con intolerancias alimentarias.<\/p>\n<p class=\"\" style=\"text-align: left;\" data-start=\"484\" data-end=\"864\">\u2705\u00a0<strong data-start=\"486\" data-end=\"511\">Sin Gluten ni Lactosa<\/strong>\u00a0\u2013 Apto para personas con intolerancia al gluten y a la lactosa<br data-start=\"574\" data-end=\"577\" \/>\u2705\u00a0<strong data-start=\"579\" data-end=\"607\">Patatas Fritas Naturales<\/strong>\u00a0\u2013 Sin conservantes, solo el sabor genuino de la patata<br data-start=\"662\" data-end=\"665\" \/>\u2705\u00a0<strong data-start=\"667\" data-end=\"694\">Formato Pr\u00e1ctico de 900g<\/strong> \u2013 Ideal para bares y eventos<br data-start=\"763\" data-end=\"766\" \/>\u2705\u00a0<strong data-start=\"768\" data-end=\"799\">Snacks Perfectos para Todos<\/strong>\u00a0\u2013 Disfr\u00fatalas como tentempi\u00e9 o como acompa\u00f1amiento de tus platos<\/p>\n<p class=\"\" style=\"text-align: left;\" data-start=\"866\" data-end=\"1021\">Perfectas para disfrutar en casa, en tu\u00a0<strong data-start=\"906\" data-end=\"913\">bar<\/strong>\u00a0o\u00a0<strong data-start=\"916\" data-end=\"931\">restaurante<\/strong>. \u00a1Haz que tus momentos de snack sean m\u00e1s sabrosos con las\u00a0<strong data-start=\"990\" data-end=\"1020\">Patatas Fritas Los Rosales<\/strong>!<\/p>\n","protected":false},"excerpt":{"rendered":"<p>\ud83e\udd54\u00a0<strong data-start=\"21\" data-end=\"51\">LOS ROSALES Patatas Fritas<\/strong> \u2013<strong data-start=\"62\" data-end=\"82\"> Bolsa BAR de Patatas Lisas 900g<\/strong>\u00a0|\u00a0<strong data-start=\"85\" data-end=\"99\">Sin Gluten<\/strong>\u00a0|\u00a0<strong data-start=\"102\" data-end=\"117\">Sin Lactosa<\/strong>\u00a0|\u00a0<strong data-start=\"120\" data-end=\"143\">Snacks y Aperitivos<\/strong><\/p>\n","protected":false},"featured_media":642,"comment_status":"open","ping_status":"closed","template":"","meta":[],"product_brand":[28],"product_cat":[21,56],"product_tag":[],"class_list":{"0":"post-641","1":"product","2":"type-product","3":"status-publish","4":"has-post-thumbnail","6":"product_brand-losrosales","7":"product_cat-aperitivos","8":"product_cat-eventos","10":"first","11":"outofstock","12":"taxable","13":"shipping-taxable","14":"purchasable","15":"product-type-simple"},"wc_booster_product_categories":[{"id":21,"name":"Aperitivos"},{"id":56,"name":"Eventos"}],"wc_booster_product_price":"<span class=\"woocommerce-Price-amount amount\"><bdi>6,50&nbsp;<span class=\"woocommerce-Price-currencySymbol\">&euro;<\/span><\/bdi><\/span>","wc_booster_product_rating":"","wc_booster_product_banner_img":false,"wc_booster_product_reviews":[],"wc_booster_product_stock_data":{"manage_stock":false,"total_stock":null,"sold_stock":0},"jetpack_sharing_enabled":true,"_links":{"self":[{"href":"https:\/\/www.atakito.com\/index.php\/wp-json\/wp\/v2\/product\/641","targetHints":{"allow":["GET"]}}],"collection":[{"href":"https:\/\/www.atakito.com\/index.php\/wp-json\/wp\/v2\/product"}],"about":[{"href":"https:\/\/www.atakito.com\/index.php\/wp-json\/wp\/v2\/types\/product"}],"replies":[{"embeddable":true,"href":"https:\/\/www.atakito.com\/index.php\/wp-json\/wp\/v2\/comments?post=641"}],"wp:featuredmedia":[{"embeddable":true,"href":"https:\/\/www.atakito.com\/index.php\/wp-json\/wp\/v2\/media\/642"}],"wp:attachment":[{"href":"https:\/\/www.atakito.com\/index.php\/wp-json\/wp\/v2\/media?parent=641"}],"wp:term":[{"taxonomy":"product_brand","embeddable":true,"href":"https:\/\/www.atakito.com\/index.php\/wp-json\/wp\/v2\/product_brand?post=641"},{"taxonomy":"product_cat","embeddable":true,"href":"https:\/\/www.atakito.com\/index.php\/wp-json\/wp\/v2\/product_cat?post=641"},{"taxonomy":"product_tag","embeddable":true,"href":"https:\/\/www.atakito.com\/index.php\/wp-json\/wp\/v2\/product_tag?post=641"}],"curies":[{"name":"wp","href":"https:\/\/api.w.org\/{rel}","templated":true}]}}