{"id":588,"date":"2025-09-24T12:11:08","date_gmt":"2025-09-24T12:11:08","guid":{"rendered":"https:\/\/www.atakito.com\/?post_type=product&#038;p=588"},"modified":"2025-09-24T12:22:33","modified_gmt":"2025-09-24T12:22:33","slug":"vasos-personalizados","status":"publish","type":"product","link":"https:\/\/www.atakito.com\/index.php\/producto\/vasos-personalizados\/","title":{"rendered":"Vasos Personalizados"},"content":{"rendered":"<p><strong>IMPORTANTE: A\u00e9rea de impresi\u00f3n m\u00e1xima 6x6cm.\u00a0<\/strong><\/p>\n<p>T\u00e9cnica: DTF UV.<\/p>\n<p><strong>Haz tu pedido y env\u00edanos el logo a pedidos@atakito.com.<\/strong><\/p>\n<p><span class=\"a-list-item\">\ud83e\udd64RESISTENTES Y REUTILIZABLES: Fabricados en pl\u00e1stico de alta calidad, estos vasos soportan el ritmo de cualquier evento. Estos vasos de polipropileno son resistentes al agua hirviendo pudiendo esterilizarse a temperaturas de hasta 140\u00baC sin temor a la deformaci\u00f3n.<\/span><\/p>\n<p><span class=\"a-list-item\">\ud83e\udd64AMPLIA CAPACIDAD DE 500 ML: Perfectos para servir combinados, c\u00f3cteles, cerveza, refrescos u otras bebidas fr\u00edas con comodidad.<\/span><\/p>\n<p><span class=\"a-list-item\">\ud83e\udd64DISE\u00d1O FUNCIONAL Y ROBUSTO: Su forma ancha y base s\u00f3lida evitan vuelcos y garantizan una sujeci\u00f3n firme.<\/span><\/p>\n<p><span class=\"a-list-item\">\ud83e\udd64IDEALES PARA CUALQUIER OCASI\u00d3N: Usos m\u00faltiples en fiestas privadas, caterings, bares, eventos al aire libre o en casa.<\/span><\/p>\n","protected":false},"excerpt":{"rendered":"<p>Elige tu Pack de vasos personalizados de 500ml.<\/p>\n","protected":false},"featured_media":589,"comment_status":"open","ping_status":"closed","template":"","meta":[],"product_brand":[],"product_cat":[56],"product_tag":[55,54,53],"class_list":{"0":"post-588","1":"product","2":"type-product","3":"status-publish","4":"has-post-thumbnail","6":"product_cat-eventos","7":"product_tag-eventos","8":"product_tag-menaje","9":"product_tag-vasos","11":"first","12":"instock","13":"taxable","14":"shipping-taxable","15":"purchasable","16":"product-type-variable"},"jetpack_sharing_enabled":true,"_links":{"self":[{"href":"https:\/\/www.atakito.com\/index.php\/wp-json\/wp\/v2\/product\/588","targetHints":{"allow":["GET"]}}],"collection":[{"href":"https:\/\/www.atakito.com\/index.php\/wp-json\/wp\/v2\/product"}],"about":[{"href":"https:\/\/www.atakito.com\/index.php\/wp-json\/wp\/v2\/types\/product"}],"replies":[{"embeddable":true,"href":"https:\/\/www.atakito.com\/index.php\/wp-json\/wp\/v2\/comments?post=588"}],"wp:featuredmedia":[{"embeddable":true,"href":"https:\/\/www.atakito.com\/index.php\/wp-json\/wp\/v2\/media\/589"}],"wp:attachment":[{"href":"https:\/\/www.atakito.com\/index.php\/wp-json\/wp\/v2\/media?parent=588"}],"wp:term":[{"taxonomy":"product_brand","embeddable":true,"href":"https:\/\/www.atakito.com\/index.php\/wp-json\/wp\/v2\/product_brand?post=588"},{"taxonomy":"product_cat","embeddable":true,"href":"https:\/\/www.atakito.com\/index.php\/wp-json\/wp\/v2\/product_cat?post=588"},{"taxonomy":"product_tag","embeddable":true,"href":"https:\/\/www.atakito.com\/index.php\/wp-json\/wp\/v2\/product_tag?post=588"}],"curies":[{"name":"wp","href":"https:\/\/api.w.org\/{rel}","templated":true}]}}