{"id":547,"date":"2025-09-05T09:31:51","date_gmt":"2025-09-05T09:31:51","guid":{"rendered":"https:\/\/www.atakito.com\/?post_type=product&#038;p=547"},"modified":"2025-11-26T12:05:23","modified_gmt":"2025-11-26T12:05:23","slug":"100g-jamon-de-cebo-iberico-50-raza-iberica-tartessos-curacion-22-36-meses-jabugo","status":"publish","type":"product","link":"https:\/\/www.atakito.com\/index.php\/producto\/100g-jamon-de-cebo-iberico-50-raza-iberica-tartessos-curacion-22-36-meses-jabugo\/","title":{"rendered":"100g Jam\u00f3n de Cebo Ib\u00e9rico 50% Raza Ib\u00e9rica Tartessos \u2013 Curaci\u00f3n 22-36 Meses \u2013 Jabugo"},"content":{"rendered":"<p style=\"text-align: left;\">Disfruta del aut\u00e9ntico sabor de la tradici\u00f3n con el Jam\u00f3n de Cebo de Campo 50% Ib\u00e9rico Tartessos, elaborado en la localidad de Cumbres Mayores (Huelva), a pocos kil\u00f3metros de Jabugo, cuna del mejor jam\u00f3n ib\u00e9rico.<\/p>\n<p style=\"text-align: left;\">Criados en ganader\u00eda extensiva, los cerdos 50% ib\u00e9ricos (cruce ib\u00e9rico-duroc) se alimentan de piensos naturales, hierbas y rastrojos en r\u00e9gimen de libertad, lo que garantiza una carne jugosa, con vetado perfecto y sabor \u00fanico.<\/p>\n<p style=\"text-align: left;\">Cada pieza pasa por una curaci\u00f3n lenta y natural de entre 22 y 36 meses, con una fase de bodega en secaderos tradicionales de 18 a 24 meses. Al corte, ofrece un color rojo intenso, vetas de grasa infiltrada y un aroma suave con sabor profundo y persistente.<\/p>\n<p style=\"text-align: left;\">Perfecto para degustar solo, con pan artesano o picos, este jam\u00f3n es un acierto para quienes buscan un producto gourmet de m\u00e1xima calidad.<\/p>\n","protected":false},"excerpt":{"rendered":"<p>Bl\u00edster de 100gr &#8211; Jam\u00f3n de Cebo Ib\u00e9rico 50% Raza Ib\u00e9rica Tartessos.<\/p>\n<p><strong>ELIGE TU PACK IDEAL: 1, 5 \u00f3 10 unidades.<\/strong><\/p>\n","protected":false},"featured_media":564,"comment_status":"open","ping_status":"closed","template":"","meta":[],"product_brand":[],"product_cat":[35],"product_tag":[50],"class_list":{"0":"post-547","1":"product","2":"type-product","3":"status-publish","4":"has-post-thumbnail","6":"product_cat-loncheados","7":"product_tag-jamon","9":"first","10":"instock","11":"taxable","12":"shipping-taxable","13":"purchasable","14":"product-type-variable"},"jetpack_sharing_enabled":true,"_links":{"self":[{"href":"https:\/\/www.atakito.com\/index.php\/wp-json\/wp\/v2\/product\/547","targetHints":{"allow":["GET"]}}],"collection":[{"href":"https:\/\/www.atakito.com\/index.php\/wp-json\/wp\/v2\/product"}],"about":[{"href":"https:\/\/www.atakito.com\/index.php\/wp-json\/wp\/v2\/types\/product"}],"replies":[{"embeddable":true,"href":"https:\/\/www.atakito.com\/index.php\/wp-json\/wp\/v2\/comments?post=547"}],"wp:featuredmedia":[{"embeddable":true,"href":"https:\/\/www.atakito.com\/index.php\/wp-json\/wp\/v2\/media\/564"}],"wp:attachment":[{"href":"https:\/\/www.atakito.com\/index.php\/wp-json\/wp\/v2\/media?parent=547"}],"wp:term":[{"taxonomy":"product_brand","embeddable":true,"href":"https:\/\/www.atakito.com\/index.php\/wp-json\/wp\/v2\/product_brand?post=547"},{"taxonomy":"product_cat","embeddable":true,"href":"https:\/\/www.atakito.com\/index.php\/wp-json\/wp\/v2\/product_cat?post=547"},{"taxonomy":"product_tag","embeddable":true,"href":"https:\/\/www.atakito.com\/index.php\/wp-json\/wp\/v2\/product_tag?post=547"}],"curies":[{"name":"wp","href":"https:\/\/api.w.org\/{rel}","templated":true}]}}